{"id":2347,"date":"2025-07-01T22:02:02","date_gmt":"2025-07-01T20:02:02","guid":{"rendered":"https:\/\/siwykon.wordpress.com\/?page_id=2347"},"modified":"2026-01-14T17:12:22","modified_gmt":"2026-01-14T16:12:22","slug":"dobrostan-konia-2","status":"publish","type":"page","link":"https:\/\/siwykon.pl\/?page_id=2347","title":{"rendered":"Dobrostan konia"},"content":{"rendered":"\n<div class=\"wp-block-cover alignfull is-light\" style=\"min-height:180px;aspect-ratio:unset;\"><img decoding=\"async\" class=\"wp-block-cover__image-background wp-image-1575 size-full\" alt=\"\" src=\"https:\/\/siwykon.wordpress.com\/wp-content\/uploads\/2024\/03\/untitled-design40-1.png\" data-object-fit=\"cover\"\/><span aria-hidden=\"true\" class=\"wp-block-cover__background has-background-dim\" style=\"background-color:#878e70\"><\/span><div class=\"wp-block-cover__inner-container is-layout-constrained wp-block-cover-is-layout-constrained\">\n<p class=\"has-text-align-center has-large-font-size\"><\/p>\n<\/div><\/div>\n\n\n\n<hr class=\"wp-block-separator has-text-color has-white-color has-alpha-channel-opacity has-white-background-color has-background is-style-dots\"\/>\n\n\n\n<p class=\"has-medium-font-size\">Temat dobrostanu koni to definitywnie m\u00f3j &#8222;konik&#8221;. Widok konia ze wszystkimi spe\u0142nionymi potrzebami, zdrowego, zadowolonego ze swojego otoczenia &#8211; to zawsze pi\u0119kne do\u015bwiadczenie.<\/p>\n\n\n\n<div class=\"wp-block-media-text has-media-on-the-right is-stacked-on-mobile\" style=\"grid-template-columns:auto 40%\"><div class=\"wp-block-media-text__content\">\n<p class=\"has-medium-font-size\">Dobrostan oznacza spe\u0142nienie fizycznych, emocjonalnych i spo\u0142ecznych potrzeb zwierz\u0119cia.<\/p>\n\n\n\n<p class=\"has-medium-font-size\">Dla konia jest to mo\u017cliwo\u015b\u0107 ruchu, odpoczynku i kontaktu ze stadem, brak b\u00f3lu i przewlek\u0142ego stresu, dost\u0119p do jedzenia, wody oraz schronienia.<\/p>\n<\/div><figure class=\"wp-block-media-text__media\"><img decoding=\"async\" src=\"https:\/\/siwykon.wordpress.com\/wp-content\/uploads\/2025\/07\/32.png?w=750\" alt=\"\" class=\"wp-image-2413 size-full\"\/><\/figure><\/div>\n\n\n\n<div class=\"wp-block-media-text is-stacked-on-mobile\" style=\"grid-template-columns:40% auto\"><figure class=\"wp-block-media-text__media\"><img decoding=\"async\" src=\"https:\/\/siwykon.wordpress.com\/wp-content\/uploads\/2025\/07\/12.png?w=750\" alt=\"\" class=\"wp-image-2411 size-full\"\/><\/figure><div class=\"wp-block-media-text__content\">\n<ul class=\"wp-block-list\">\n<li class=\"has-medium-font-size\">Dbaj\u0105c o jak najwy\u017cszy dobrostan konia, dbamy o jego zdrowie, a tym samym o jego lepsze i d\u0142u\u017csze \u017cycie.<\/li>\n\n\n\n<li class=\"has-medium-font-size\">Ko\u0144 bez b\u00f3lu i z poczuciem pe\u0142nego zaspokojenia &#8211; to ko\u0144, kt\u00f3ry lepiej patrzy na \u015bwiat i ma wi\u0119cej ochoty do wsp\u00f3\u0142pracy z cz\u0142owiekiem.<\/li>\n<\/ul>\n<\/div><\/div>\n\n\n\n<div class=\"wp-block-media-text has-media-on-the-right is-stacked-on-mobile\" style=\"grid-template-columns:auto 40%\"><div class=\"wp-block-media-text__content\">\n<p class=\"has-medium-font-size\">Temat dobrostanu jest obecny w ka\u017cdym aspekcie \u017cycia konia &#8211; treningu, padoku, relacji z cz\u0142owiekiem, piel\u0119gnacji i profilaktyce zdrowotnej, leczeniu.<\/p>\n\n\n\n<p class=\"has-medium-font-size\">Je\u015bli chcesz sprawdzi\u0107, co w \u017cyciu twojego konia funkcjonuje dobrze, a co mo\u017cna poprawi\u0107 &#8211; z przyjemno\u015bci\u0105 ci w tym pomog\u0119.<\/p>\n<\/div><figure class=\"wp-block-media-text__media\"><img decoding=\"async\" src=\"https:\/\/siwykon.wordpress.com\/wp-content\/uploads\/2024\/03\/24-3.png\" alt=\"\" class=\"wp-image-1688 size-full\"\/><\/figure><\/div>\n\n\n\n<hr class=\"wp-block-separator has-text-color has-white-color has-alpha-channel-opacity has-white-background-color has-background is-style-dots\"\/>\n\n\n\n<div class=\"wp-block-cover alignfull is-light\" style=\"min-height:300px;aspect-ratio:unset;\"><img decoding=\"async\" class=\"wp-block-cover__image-background wp-image-2416 size-full\" alt=\"\" src=\"https:\/\/siwykon.wordpress.com\/wp-content\/uploads\/2025\/07\/71.png\" data-object-fit=\"cover\"\/><span aria-hidden=\"true\" class=\"wp-block-cover__background has-background-dim\" style=\"background-color:#989f5a\"><\/span><div class=\"wp-block-cover__inner-container is-layout-constrained wp-block-cover-is-layout-constrained\">\n<p class=\"has-text-align-center has-large-font-size\"><\/p>\n<\/div><\/div>\n\n\n\n<hr class=\"wp-block-separator has-text-color has-white-color has-alpha-channel-opacity has-white-background-color has-background is-style-dots\"\/>\n\n\n\n<p class=\"has-medium-font-size\">Chcesz si\u0119 um\u00f3wi\u0107 lub dowiedzie\u0107 wi\u0119cej? <a href=\"https:\/\/siwykon.pl\/?page_id=7\">Napisz do mnie<\/a>, ch\u0119tnie odpowiem na ka\u017cde pytanie!<\/p>\n\n\n\n<p class=\"has-medium-font-size\">Mog\u0119 przyjecha\u0107 do Ciebie na indywidualne konsultacje trwaj\u0105ce oko\u0142o godziny, albo na kilka godzin \u017ceby\u015bmy mieli pewno\u015b\u0107, \u017ce zostawi\u0119 Ci\u0119 z dobr\u0105 dawk\u0105 wiedzy i zalece\u0144.<\/p>\n\n\n\n<p class=\"has-medium-font-size\">Ch\u0119tnie zorganizuj\u0119 w Twojej stajni szkolenie z tematu dobrostanu koni, albo konkretnie z padokowania. Forma g\u0142\u00f3wnie wyk\u0142adowa, z mo\u017cliwo\u015bci\u0105 spaceru po Waszej stajni i obserwacj\u0105 koni na padoku.<\/p>\n\n\n\n<p class=\"has-medium-font-size\">Tematy szkolenia dobrostanowego: dobrostan i potrzeby koni, co szkodzi dobrostanowi koni, jak spe\u0142nia\u0107 potrzeby koni na padoku, jak dba\u0107 o dobrostan konia w treningu i innych obszarach \u017cycia.<\/p>\n\n\n\n<p class=\"has-medium-font-size\">Tematyka szkolenia padokowego: padok kt\u00f3ry spe\u0142nia potrzeby koni, co powinno znale\u017a\u0107 si\u0119 na padoku, b\u0142\u0119dy w organizacji padoku, bezpiecze\u0144stwo na padoku, dobieranie koni w grup\u0119, wprowadzanie nowych koni do stada, padok kt\u00f3ry rozwija konia.<\/p>\n","protected":false},"excerpt":{"rendered":"<p>Temat dobrostanu koni to definitywnie m\u00f3j &#8222;konik&#8221;. Widok konia ze wszystkimi spe\u0142nionymi potrzebami, zdrowego, zadowolonego ze swojego otoczenia &#8211; to [&hellip;]<\/p>\n","protected":false},"author":1,"featured_media":0,"parent":0,"menu_order":0,"comment_status":"closed","ping_status":"closed","template":"","meta":{"site-sidebar-layout":"default","site-content-layout":"","ast-site-content-layout":"default","site-content-style":"default","site-sidebar-style":"default","ast-global-header-display":"","ast-banner-title-visibility":"","ast-main-header-display":"","ast-hfb-above-header-display":"","ast-hfb-below-header-display":"","ast-hfb-mobile-header-display":"","site-post-title":"","ast-breadcrumbs-content":"","ast-featured-img":"","footer-sml-layout":"","theme-transparent-header-meta":"","adv-header-id-meta":"","stick-header-meta":"","header-above-stick-meta":"","header-main-stick-meta":"","header-below-stick-meta":"","astra-migrate-meta-layouts":"default","ast-page-background-enabled":"default","ast-page-background-meta":{"desktop":{"background-color":"var(--ast-global-color-5)","background-image":"","background-repeat":"repeat","background-position":"center center","background-size":"auto","background-attachment":"scroll","background-type":"","background-media":"","overlay-type":"","overlay-color":"","overlay-opacity":"","overlay-gradient":""},"tablet":{"background-color":"","background-image":"","background-repeat":"repeat","background-position":"center center","background-size":"auto","background-attachment":"scroll","background-type":"","background-media":"","overlay-type":"","overlay-color":"","overlay-opacity":"","overlay-gradient":""},"mobile":{"background-color":"","background-image":"","background-repeat":"repeat","background-position":"center center","background-size":"auto","background-attachment":"scroll","background-type":"","background-media":"","overlay-type":"","overlay-color":"","overlay-opacity":"","overlay-gradient":""}},"ast-content-background-meta":{"desktop":{"background-color":"var(--ast-global-color-4)","background-image":"","background-repeat":"repeat","background-position":"center center","background-size":"auto","background-attachment":"scroll","background-type":"","background-media":"","overlay-type":"","overlay-color":"","overlay-opacity":"","overlay-gradient":""},"tablet":{"background-color":"var(--ast-global-color-4)","background-image":"","background-repeat":"repeat","background-position":"center center","background-size":"auto","background-attachment":"scroll","background-type":"","background-media":"","overlay-type":"","overlay-color":"","overlay-opacity":"","overlay-gradient":""},"mobile":{"background-color":"var(--ast-global-color-4)","background-image":"","background-repeat":"repeat","background-position":"center center","background-size":"auto","background-attachment":"scroll","background-type":"","background-media":"","overlay-type":"","overlay-color":"","overlay-opacity":"","overlay-gradient":""}},"footnotes":""},"class_list":["post-2347","page","type-page","status-publish","hentry"],"jetpack_sharing_enabled":true,"_links":{"self":[{"href":"https:\/\/siwykon.pl\/index.php?rest_route=\/wp\/v2\/pages\/2347","targetHints":{"allow":["GET"]}}],"collection":[{"href":"https:\/\/siwykon.pl\/index.php?rest_route=\/wp\/v2\/pages"}],"about":[{"href":"https:\/\/siwykon.pl\/index.php?rest_route=\/wp\/v2\/types\/page"}],"author":[{"embeddable":true,"href":"https:\/\/siwykon.pl\/index.php?rest_route=\/wp\/v2\/users\/1"}],"replies":[{"embeddable":true,"href":"https:\/\/siwykon.pl\/index.php?rest_route=%2Fwp%2Fv2%2Fcomments&post=2347"}],"version-history":[{"count":7,"href":"https:\/\/siwykon.pl\/index.php?rest_route=\/wp\/v2\/pages\/2347\/revisions"}],"predecessor-version":[{"id":2768,"href":"https:\/\/siwykon.pl\/index.php?rest_route=\/wp\/v2\/pages\/2347\/revisions\/2768"}],"wp:attachment":[{"href":"https:\/\/siwykon.pl\/index.php?rest_route=%2Fwp%2Fv2%2Fmedia&parent=2347"}],"curies":[{"name":"wp","href":"https:\/\/api.w.org\/{rel}","templated":true}]}}