{"id":2345,"date":"2025-07-01T22:01:00","date_gmt":"2025-07-01T20:01:00","guid":{"rendered":"https:\/\/siwykon.wordpress.com\/?page_id=2345"},"modified":"2026-02-04T16:55:37","modified_gmt":"2026-02-04T15:55:37","slug":"pozytywny-trening-koni-2","status":"publish","type":"page","link":"https:\/\/siwykon.pl\/?page_id=2345","title":{"rendered":"Pozytywny trening koni"},"content":{"rendered":"\n<div class=\"wp-block-cover alignfull is-light\" style=\"min-height:180px;aspect-ratio:unset;\"><img decoding=\"async\" class=\"wp-block-cover__image-background wp-image-2383 size-large\" alt=\"\" src=\"https:\/\/siwykon.wordpress.com\/wp-content\/uploads\/2025\/07\/21.png?w=750\" style=\"object-position:48% 77%\" data-object-fit=\"cover\" data-object-position=\"48% 77%\"\/><span aria-hidden=\"true\" class=\"wp-block-cover__background has-background-dim\" style=\"background-color:#a67f51\"><\/span><div class=\"wp-block-cover__inner-container is-layout-constrained wp-block-cover-is-layout-constrained\">\n<p class=\"has-text-align-center has-large-font-size\"><\/p>\n<\/div><\/div>\n\n\n\n<hr class=\"wp-block-separator has-text-color has-ast-global-color-4-color has-alpha-channel-opacity has-ast-global-color-4-background-color has-background is-style-dots\"\/>\n\n\n\n<p class=\"has-medium-font-size\">Trening pozytywny, czyli trening ze wzmocnieniem pozytywnym i nagrodami, kt\u00f3re najcz\u0119\u015bciej s\u0105 jedzeniem. To m\u00f3j ulubiony spos\u00f3b uczenia zwierz\u0105t zachowa\u0144 i mam nadziej\u0119, \u017ce ty te\u017c go pokochasz!<\/p>\n\n\n\n<div class=\"wp-block-media-text is-stacked-on-mobile\" style=\"grid-template-columns:40% auto\"><figure class=\"wp-block-media-text__media\"><img decoding=\"async\" src=\"https:\/\/siwykon.wordpress.com\/wp-content\/uploads\/2025\/06\/11-e1751479798132.png?w=750\" alt=\"\" class=\"wp-image-2325 size-full\"\/><\/figure><div class=\"wp-block-media-text__content\">\n<p class=\"has-medium-font-size\">Nie le\u017cy Ci to, \u017ce ko\u0144 ma dla nas wszystko pos\u0142usznie wykonywa\u0107? Ja te\u017c wol\u0119 gdy ko\u0144 ma wyb\u00f3r i sam chce ze mn\u0105 wsp\u00f3\u0142pracowa\u0107.<\/p>\n\n\n\n<p class=\"has-medium-font-size\">Chcesz odwzajemni\u0107 si\u0119 koniowi za to, \u017ce z Tob\u0105 pracuje, w spos\u00f3b kt\u00f3ry on naprawd\u0119 zrozumie i doceni? Naucz\u0119 Ci\u0119 jak to robi\u0107.<\/p>\n<\/div><\/div>\n\n\n\n<div class=\"wp-block-media-text has-media-on-the-right is-stacked-on-mobile\" style=\"grid-template-columns:auto 40%\"><div class=\"wp-block-media-text__content\">\n<ul class=\"wp-block-list\">\n<li class=\"has-medium-font-size\">Trening z jedzeniem bardzo motywuje konie, poniewa\u017c nagradzamy je za szukanie i pr\u00f3bowanie. Dzi\u0119ki temu one ch\u0119tniej bior\u0105 udzia\u0142 w treningu i ucz\u0105 si\u0119 szybciej.<\/li>\n\n\n\n<li class=\"has-medium-font-size\">Dla mnie integralnymi elementami tej metody jest r\u00f3wnie\u017c rozpoznawanie emocji i stresu konia oraz dawanie koniowi wyboru. Dzi\u0119ki takiemu dzia\u0142aniu w zgodzie z koniem wzmacniamy jego zaufanie do nas.<\/li>\n<\/ul>\n<\/div><figure class=\"wp-block-media-text__media\"><img decoding=\"async\" src=\"https:\/\/siwykon.wordpress.com\/wp-content\/uploads\/2024\/04\/untitled-design2.png\" alt=\"\" class=\"wp-image-1868 size-full\"\/><\/figure><\/div>\n\n\n\n<div class=\"wp-block-media-text is-stacked-on-mobile\" style=\"grid-template-columns:40% auto\"><figure class=\"wp-block-media-text__media\"><img decoding=\"async\" src=\"https:\/\/siwykon.wordpress.com\/wp-content\/uploads\/2024\/03\/untitled-design51.png\" alt=\"\" class=\"wp-image-1721 size-full\"\/><\/figure><div class=\"wp-block-media-text__content\">\n<p class=\"has-medium-font-size\">Wa\u017cnym i bardzo ciekawym elementem tej metody jest <strong>trening medyczny<\/strong>. Chcesz, \u017ceby Tw\u00f3j ko\u0144 sta\u0142 spokojnie bez sedacji do zastrzyk\u00f3w, pobierania krwi czy zdj\u0119\u0107 RTG? Chcesz, \u017ceby lepiej reagowa\u0142 na kowala i weterynarza? To wszystko jest mo\u017cliwe z treningiem pozytywnym.<\/p>\n<\/div><\/div>\n\n\n\n<hr class=\"wp-block-separator has-text-color has-white-color has-alpha-channel-opacity has-white-background-color has-background is-style-dots\"\/>\n\n\n\n<div class=\"wp-block-cover alignfull\" style=\"min-height:191px;aspect-ratio:unset;\"><img decoding=\"async\" class=\"wp-block-cover__image-background wp-image-2385 size-large\" alt=\"\" src=\"https:\/\/siwykon.wordpress.com\/wp-content\/uploads\/2025\/07\/41.png?w=750\" style=\"object-position:57% 53%\" data-object-fit=\"cover\" data-object-position=\"57% 53%\"\/><span aria-hidden=\"true\" class=\"wp-block-cover__background has-background-dim\" style=\"background-color:#795850\"><\/span><div class=\"wp-block-cover__inner-container is-layout-constrained wp-block-cover-is-layout-constrained\">\n<p class=\"has-text-align-center has-large-font-size\"><\/p>\n<\/div><\/div>\n\n\n\n<hr class=\"wp-block-separator has-text-color has-white-color has-alpha-channel-opacity has-white-background-color has-background is-style-dots\"\/>\n\n\n\n<p class=\"has-medium-font-size\">Chcesz si\u0119 um\u00f3wi\u0107 lub dowiedzie\u0107 wi\u0119cej? <a href=\"https:\/\/siwykon.pl\/?page_id=7\">Napisz do mnie<\/a>, ch\u0119tnie odpowiem na ka\u017cde pytanie!<\/p>\n\n\n\n<p class=\"has-medium-font-size\">Mog\u0119 przyjecha\u0107 do Ciebie na indywidualne konsultacje trwaj\u0105ce oko\u0142o godziny, albo na kilka godzin \u017ceby\u015bmy mieli pewno\u015b\u0107, \u017ce zostawi\u0119 Ci\u0119 z dobr\u0105 dawk\u0105 wiedzy i \u0107wicze\u0144.<\/p>\n\n\n\n<p class=\"has-medium-font-size\">Mo\u017cemy zorganizowa\u0107 dzie\u0144 warsztatowy w Twojej stajni albo szkolenie z podstaw pracy ze wzmocnieniem pozytywnym. Om\u00f3wimy r\u00f3wnie\u017c rozumienie emocji i komunikacji koni, bo to integralny element tego treningu.<\/p>\n\n\n\n<p class=\"has-medium-font-size\">Bardzo ch\u0119tnie poprowadz\u0119 r\u00f3wnie\u017c regularne zaj\u0119cia dla sta\u0142ej grupy w mojej okolicy (powiat piotrkowski). Masz klient\u00f3w w swoim o\u015brodku, kt\u00f3rzy byliby zainteresowani? <a href=\"https:\/\/siwykon.pl\/?page_id=7\">Daj zna\u0107<\/a>, zorganizujemy dla Was ofert\u0119.<\/p>\n","protected":false},"excerpt":{"rendered":"<p>Trening pozytywny, czyli trening ze wzmocnieniem pozytywnym i nagrodami, kt\u00f3re najcz\u0119\u015bciej s\u0105 jedzeniem. To m\u00f3j ulubiony spos\u00f3b uczenia zwierz\u0105t zachowa\u0144 [&hellip;]<\/p>\n","protected":false},"author":1,"featured_media":0,"parent":0,"menu_order":0,"comment_status":"closed","ping_status":"closed","template":"","meta":{"site-sidebar-layout":"default","site-content-layout":"","ast-site-content-layout":"default","site-content-style":"default","site-sidebar-style":"default","ast-global-header-display":"","ast-banner-title-visibility":"","ast-main-header-display":"","ast-hfb-above-header-display":"","ast-hfb-below-header-display":"","ast-hfb-mobile-header-display":"","site-post-title":"","ast-breadcrumbs-content":"","ast-featured-img":"","footer-sml-layout":"","theme-transparent-header-meta":"","adv-header-id-meta":"","stick-header-meta":"","header-above-stick-meta":"","header-main-stick-meta":"","header-below-stick-meta":"","astra-migrate-meta-layouts":"default","ast-page-background-enabled":"default","ast-page-background-meta":{"desktop":{"background-color":"var(--ast-global-color-5)","background-image":"","background-repeat":"repeat","background-position":"center center","background-size":"auto","background-attachment":"scroll","background-type":"","background-media":"","overlay-type":"","overlay-color":"","overlay-opacity":"","overlay-gradient":""},"tablet":{"background-color":"","background-image":"","background-repeat":"repeat","background-position":"center center","background-size":"auto","background-attachment":"scroll","background-type":"","background-media":"","overlay-type":"","overlay-color":"","overlay-opacity":"","overlay-gradient":""},"mobile":{"background-color":"","background-image":"","background-repeat":"repeat","background-position":"center center","background-size":"auto","background-attachment":"scroll","background-type":"","background-media":"","overlay-type":"","overlay-color":"","overlay-opacity":"","overlay-gradient":""}},"ast-content-background-meta":{"desktop":{"background-color":"var(--ast-global-color-4)","background-image":"","background-repeat":"repeat","background-position":"center center","background-size":"auto","background-attachment":"scroll","background-type":"","background-media":"","overlay-type":"","overlay-color":"","overlay-opacity":"","overlay-gradient":""},"tablet":{"background-color":"var(--ast-global-color-4)","background-image":"","background-repeat":"repeat","background-position":"center center","background-size":"auto","background-attachment":"scroll","background-type":"","background-media":"","overlay-type":"","overlay-color":"","overlay-opacity":"","overlay-gradient":""},"mobile":{"background-color":"var(--ast-global-color-4)","background-image":"","background-repeat":"repeat","background-position":"center center","background-size":"auto","background-attachment":"scroll","background-type":"","background-media":"","overlay-type":"","overlay-color":"","overlay-opacity":"","overlay-gradient":""}},"footnotes":""},"class_list":["post-2345","page","type-page","status-publish","hentry"],"jetpack_sharing_enabled":true,"_links":{"self":[{"href":"https:\/\/siwykon.pl\/index.php?rest_route=\/wp\/v2\/pages\/2345","targetHints":{"allow":["GET"]}}],"collection":[{"href":"https:\/\/siwykon.pl\/index.php?rest_route=\/wp\/v2\/pages"}],"about":[{"href":"https:\/\/siwykon.pl\/index.php?rest_route=\/wp\/v2\/types\/page"}],"author":[{"embeddable":true,"href":"https:\/\/siwykon.pl\/index.php?rest_route=\/wp\/v2\/users\/1"}],"replies":[{"embeddable":true,"href":"https:\/\/siwykon.pl\/index.php?rest_route=%2Fwp%2Fv2%2Fcomments&post=2345"}],"version-history":[{"count":11,"href":"https:\/\/siwykon.pl\/index.php?rest_route=\/wp\/v2\/pages\/2345\/revisions"}],"predecessor-version":[{"id":2808,"href":"https:\/\/siwykon.pl\/index.php?rest_route=\/wp\/v2\/pages\/2345\/revisions\/2808"}],"wp:attachment":[{"href":"https:\/\/siwykon.pl\/index.php?rest_route=%2Fwp%2Fv2%2Fmedia&parent=2345"}],"curies":[{"name":"wp","href":"https:\/\/api.w.org\/{rel}","templated":true}]}}