{"id":2339,"date":"2025-07-01T21:58:56","date_gmt":"2025-07-01T19:58:56","guid":{"rendered":"https:\/\/siwykon.wordpress.com\/?page_id=2339"},"modified":"2026-01-14T17:34:08","modified_gmt":"2026-01-14T16:34:08","slug":"strona-glowna","status":"publish","type":"page","link":"https:\/\/siwykon.pl\/","title":{"rendered":""},"content":{"rendered":"\n<div class=\"wp-block-cover alignfull\" style=\"min-height:236px;aspect-ratio:unset;\"><img decoding=\"async\" class=\"wp-block-cover__image-background wp-image-1564\" alt=\"\" src=\"https:\/\/siwykon.wordpress.com\/wp-content\/uploads\/2024\/03\/untitled-design43.png\" style=\"object-position:65% 10%\" data-object-fit=\"cover\" data-object-position=\"65% 10%\"\/><span aria-hidden=\"true\" class=\"wp-block-cover__background has-background-dim-10 has-background-dim\" style=\"background-color:#70735e\"><\/span><div class=\"wp-block-cover__inner-container is-layout-flow wp-block-cover-is-layout-flow\">\n<p class=\"has-text-align-center has-large-font-size\"><\/p>\n<\/div><\/div>\n\n\n\n<hr class=\"wp-block-separator has-text-color has-white-color has-alpha-channel-opacity has-white-background-color has-background is-style-dots\"\/>\n\n\n\n<div class=\"wp-block-media-text alignwide has-media-on-the-right is-stacked-on-mobile is-vertically-aligned-center\"><div class=\"wp-block-media-text__content\">\n<p style=\"font-size:1.3rem\">Cze\u015b\u0107! Jestem Karolina. Zajmuj\u0119 si\u0119 dobrostanem i treningiem koni.<\/p>\n\n\n\n<p style=\"font-size:1.3rem\">Chcesz nauczy\u0107 si\u0119 trenowa\u0107 z koniem pozytywnie, wykorzystuj\u0105c jedzenie? <a href=\"https:\/\/siwykon.pl\/?page_id=2345\">Wpadaj na t\u0119 stron\u0119, \u017ceby dowiedzie\u0107 si\u0119 wi\u0119cej.<\/a><\/p>\n\n\n\n<p style=\"font-size:1.3rem\">Chcesz sprawdzi\u0107, co w \u017cyciu twojego konia gra dobrze, a co mo\u017cna poprawi\u0107, aby jego dobrostan by\u0142 jak najwy\u017cszy? <a href=\"https:\/\/siwykon.pl\/?page_id=2347\">Chod\u017a na t\u0119 stron\u0119, \u017ceby o tym poczyta\u0107.<\/a><\/p>\n\n\n\n<p style=\"font-size:1.3rem\">Chcesz \u017cebym sprawdzi\u0142a kondycj\u0119 mi\u0119\u015bniow\u0105 twojego konia i dobra\u0142a dla niego \u0107wiczenia na popraw\u0119 grzbietu oraz ca\u0142ego cia\u0142a? <a href=\"https:\/\/siwykon.pl\/?page_id=2349\">Tutaj znajdziesz wi\u0119cej info.<\/a><\/p>\n<\/div><figure class=\"wp-block-media-text__media\"><img decoding=\"async\" src=\"https:\/\/siwykon.wordpress.com\/wp-content\/uploads\/2024\/09\/92.png?w=1024\" alt=\"\" class=\"wp-image-1942 size-full\"\/><\/figure><\/div>\n\n\n\n<hr class=\"wp-block-separator has-text-color has-ast-global-color-4-color has-alpha-channel-opacity has-ast-global-color-4-background-color has-background is-style-dots\"\/>\n\n\n\n<div class=\"wp-block-media-text is-stacked-on-mobile\"><figure class=\"wp-block-media-text__media\"><img fetchpriority=\"high\" decoding=\"async\" width=\"1024\" height=\"819\" src=\"https:\/\/siwykon.pl\/wp-content\/uploads\/2026\/01\/Projekt-bez-nazwy2-1024x819.png\" alt=\"\" class=\"wp-image-2780 size-full\" srcset=\"https:\/\/siwykon.pl\/wp-content\/uploads\/2026\/01\/Projekt-bez-nazwy2-1024x819.png 1024w, https:\/\/siwykon.pl\/wp-content\/uploads\/2026\/01\/Projekt-bez-nazwy2-300x240.png 300w, https:\/\/siwykon.pl\/wp-content\/uploads\/2026\/01\/Projekt-bez-nazwy2-768x614.png 768w, https:\/\/siwykon.pl\/wp-content\/uploads\/2026\/01\/Projekt-bez-nazwy2-600x480.png 600w, https:\/\/siwykon.pl\/wp-content\/uploads\/2026\/01\/Projekt-bez-nazwy2.png 1280w\" sizes=\"(max-width: 1024px) 100vw, 1024px\" \/><\/figure><div class=\"wp-block-media-text__content\">\n<h3 class=\"wp-block-heading\">Ostatnie aktualizacje:<\/h3>\n\n\n\n<ul class=\"wp-block-list\">\n<li style=\"font-size:18px\">01\/26 pojawi\u0142a si\u0119 <a href=\"https:\/\/siwykon.pl\/?page_id=2756\" data-type=\"link\" data-id=\"https:\/\/siwykon.pl\/?page_id=2756\">strona z linkami<\/a><\/li>\n\n\n\n<li style=\"font-size:18px\">11\/25 pojawi\u0142a si\u0119 <a href=\"https:\/\/siwykon.pl\/?post_type=product\" data-type=\"link\" data-id=\"https:\/\/siwykon.pl\/?post_type=product\">strona sklepu<\/a><\/li>\n\n\n\n<li style=\"font-size:18px\">10\/25 pierwsze wpisy (<a href=\"https:\/\/siwykon.pl\/?p=1362\" data-type=\"link\" data-id=\"https:\/\/siwykon.pl\/?p=1362\">1<\/a>, <a href=\"https:\/\/siwykon.pl\/?p=2691\" data-type=\"link\" data-id=\"https:\/\/siwykon.pl\/?p=2691\">2<\/a>) na blogu<\/li>\n<\/ul>\n<\/div><\/div>\n","protected":false},"excerpt":{"rendered":"<p>Cze\u015b\u0107! Jestem Karolina. Zajmuj\u0119 si\u0119 dobrostanem i treningiem koni. Chcesz nauczy\u0107 si\u0119 trenowa\u0107 z koniem pozytywnie, wykorzystuj\u0105c jedzenie? Wpadaj na [&hellip;]<\/p>\n","protected":false},"author":1,"featured_media":0,"parent":0,"menu_order":0,"comment_status":"closed","ping_status":"closed","template":"","meta":{"site-sidebar-layout":"default","site-content-layout":"","ast-site-content-layout":"default","site-content-style":"default","site-sidebar-style":"default","ast-global-header-display":"","ast-banner-title-visibility":"","ast-main-header-display":"","ast-hfb-above-header-display":"","ast-hfb-below-header-display":"","ast-hfb-mobile-header-display":"","site-post-title":"","ast-breadcrumbs-content":"","ast-featured-img":"","footer-sml-layout":"","theme-transparent-header-meta":"","adv-header-id-meta":"","stick-header-meta":"","header-above-stick-meta":"","header-main-stick-meta":"","header-below-stick-meta":"","astra-migrate-meta-layouts":"default","ast-page-background-enabled":"default","ast-page-background-meta":{"desktop":{"background-color":"var(--ast-global-color-5)","background-image":"","background-repeat":"repeat","background-position":"center center","background-size":"auto","background-attachment":"scroll","background-type":"","background-media":"","overlay-type":"","overlay-color":"","overlay-opacity":"","overlay-gradient":""},"tablet":{"background-color":"","background-image":"","background-repeat":"repeat","background-position":"center center","background-size":"auto","background-attachment":"scroll","background-type":"","background-media":"","overlay-type":"","overlay-color":"","overlay-opacity":"","overlay-gradient":""},"mobile":{"background-color":"","background-image":"","background-repeat":"repeat","background-position":"center center","background-size":"auto","background-attachment":"scroll","background-type":"","background-media":"","overlay-type":"","overlay-color":"","overlay-opacity":"","overlay-gradient":""}},"ast-content-background-meta":{"desktop":{"background-color":"var(--ast-global-color-4)","background-image":"","background-repeat":"repeat","background-position":"center center","background-size":"auto","background-attachment":"scroll","background-type":"","background-media":"","overlay-type":"","overlay-color":"","overlay-opacity":"","overlay-gradient":""},"tablet":{"background-color":"var(--ast-global-color-4)","background-image":"","background-repeat":"repeat","background-position":"center center","background-size":"auto","background-attachment":"scroll","background-type":"","background-media":"","overlay-type":"","overlay-color":"","overlay-opacity":"","overlay-gradient":""},"mobile":{"background-color":"var(--ast-global-color-4)","background-image":"","background-repeat":"repeat","background-position":"center center","background-size":"auto","background-attachment":"scroll","background-type":"","background-media":"","overlay-type":"","overlay-color":"","overlay-opacity":"","overlay-gradient":""}},"footnotes":""},"class_list":["post-2339","page","type-page","status-publish","hentry"],"jetpack_sharing_enabled":true,"_links":{"self":[{"href":"https:\/\/siwykon.pl\/index.php?rest_route=\/wp\/v2\/pages\/2339","targetHints":{"allow":["GET"]}}],"collection":[{"href":"https:\/\/siwykon.pl\/index.php?rest_route=\/wp\/v2\/pages"}],"about":[{"href":"https:\/\/siwykon.pl\/index.php?rest_route=\/wp\/v2\/types\/page"}],"author":[{"embeddable":true,"href":"https:\/\/siwykon.pl\/index.php?rest_route=\/wp\/v2\/users\/1"}],"replies":[{"embeddable":true,"href":"https:\/\/siwykon.pl\/index.php?rest_route=%2Fwp%2Fv2%2Fcomments&post=2339"}],"version-history":[{"count":19,"href":"https:\/\/siwykon.pl\/index.php?rest_route=\/wp\/v2\/pages\/2339\/revisions"}],"predecessor-version":[{"id":2784,"href":"https:\/\/siwykon.pl\/index.php?rest_route=\/wp\/v2\/pages\/2339\/revisions\/2784"}],"wp:attachment":[{"href":"https:\/\/siwykon.pl\/index.php?rest_route=%2Fwp%2Fv2%2Fmedia&parent=2339"}],"curies":[{"name":"wp","href":"https:\/\/api.w.org\/{rel}","templated":true}]}}