{"id":2029,"date":"2024-09-24T23:17:37","date_gmt":"2024-09-24T21:17:37","guid":{"rendered":"https:\/\/siwykon.wordpress.com\/?page_id=2029"},"modified":"2026-01-14T17:08:55","modified_gmt":"2026-01-14T16:08:55","slug":"blog","status":"publish","type":"page","link":"https:\/\/siwykon.pl\/?page_id=2029","title":{"rendered":"Blog"},"content":{"rendered":"\n<p class=\"has-text-align-center has-medium-font-size\">Pisz\u0119 o dobrostanie koni, inspiracjach padokowych i innych tematach dotycz\u0105cych dobra koni. <\/p>\n\n\n\n<div class=\"wp-block-media-text is-stacked-on-mobile\" style=\"grid-template-columns:40% auto\"><figure class=\"wp-block-media-text__media\"><img fetchpriority=\"high\" decoding=\"async\" width=\"1024\" height=\"1024\" src=\"https:\/\/siwykon.pl\/wp-content\/uploads\/2025\/09\/Kopia-\u2013-Nadwa1-1024x1024.png\" alt=\"\" class=\"wp-image-2616 size-full\" srcset=\"https:\/\/siwykon.pl\/wp-content\/uploads\/2025\/09\/Kopia-\u2013-Nadwa1-1024x1024.png 1024w, https:\/\/siwykon.pl\/wp-content\/uploads\/2025\/09\/Kopia-\u2013-Nadwa1-300x300.png 300w, https:\/\/siwykon.pl\/wp-content\/uploads\/2025\/09\/Kopia-\u2013-Nadwa1-150x150.png 150w, https:\/\/siwykon.pl\/wp-content\/uploads\/2025\/09\/Kopia-\u2013-Nadwa1-768x768.png 768w, https:\/\/siwykon.pl\/wp-content\/uploads\/2025\/09\/Kopia-\u2013-Nadwa1-600x600.png 600w, https:\/\/siwykon.pl\/wp-content\/uploads\/2025\/09\/Kopia-\u2013-Nadwa1-100x100.png 100w, https:\/\/siwykon.pl\/wp-content\/uploads\/2025\/09\/Kopia-\u2013-Nadwa1.png 1080w\" sizes=\"(max-width: 1024px) 100vw, 1024px\" \/><\/figure><div class=\"wp-block-media-text__content\">\n<ul class=\"wp-block-list\">\n<li class=\"has-medium-font-size\"><a href=\"https:\/\/siwykon.pl\/?p=2691\" data-type=\"link\" data-id=\"https:\/\/siwykon.pl\/?p=2691\">Moje warto\u015bci w treningu koni.<\/a><\/li>\n\n\n\n<li class=\"has-medium-font-size\"><a href=\"https:\/\/siwykon.pl\/?p=1362\" data-type=\"link\" data-id=\"https:\/\/siwykon.pl\/?p=1362\">Jak rozpozna\u0107 niski dobrostan koni? Cechy dobrostanu oraz Lista 5 Wolno\u015bci.<\/a><\/li>\n\n\n\n<li class=\"has-medium-font-size\"><a href=\"https:\/\/siwykon.pl\/?page_id=2756\" data-type=\"page\" data-id=\"2756\">Linki<\/a><\/li>\n<\/ul>\n<\/div><\/div>\n","protected":false},"excerpt":{"rendered":"<p>Blog o dobrostanie koni, padokowych inspiracjach i \u0107wiczeniach wspieraj\u0105cych ich rozw\u00f3j. Wkr\u00f3tce nowe wpisy o motywacji koni do ruchu, o tym co wp\u0142ywa na jako\u015b\u0107 \u017cycia koni na padoku, o \u0107wiczeniach dla ka\u017cdego.<\/p>\n","protected":false},"author":1,"featured_media":0,"parent":0,"menu_order":0,"comment_status":"closed","ping_status":"closed","template":"","meta":{"site-sidebar-layout":"default","site-content-layout":"","ast-site-content-layout":"default","site-content-style":"default","site-sidebar-style":"default","ast-global-header-display":"","ast-banner-title-visibility":"","ast-main-header-display":"","ast-hfb-above-header-display":"","ast-hfb-below-header-display":"","ast-hfb-mobile-header-display":"","site-post-title":"","ast-breadcrumbs-content":"","ast-featured-img":"","footer-sml-layout":"","theme-transparent-header-meta":"","adv-header-id-meta":"","stick-header-meta":"","header-above-stick-meta":"","header-main-stick-meta":"","header-below-stick-meta":"","astra-migrate-meta-layouts":"default","ast-page-background-enabled":"default","ast-page-background-meta":{"desktop":{"background-color":"var(--ast-global-color-5)","background-image":"","background-repeat":"repeat","background-position":"center center","background-size":"auto","background-attachment":"scroll","background-type":"","background-media":"","overlay-type":"","overlay-color":"","overlay-opacity":"","overlay-gradient":""},"tablet":{"background-color":"","background-image":"","background-repeat":"repeat","background-position":"center center","background-size":"auto","background-attachment":"scroll","background-type":"","background-media":"","overlay-type":"","overlay-color":"","overlay-opacity":"","overlay-gradient":""},"mobile":{"background-color":"","background-image":"","background-repeat":"repeat","background-position":"center center","background-size":"auto","background-attachment":"scroll","background-type":"","background-media":"","overlay-type":"","overlay-color":"","overlay-opacity":"","overlay-gradient":""}},"ast-content-background-meta":{"desktop":{"background-color":"var(--ast-global-color-4)","background-image":"","background-repeat":"repeat","background-position":"center center","background-size":"auto","background-attachment":"scroll","background-type":"","background-media":"","overlay-type":"","overlay-color":"","overlay-opacity":"","overlay-gradient":""},"tablet":{"background-color":"var(--ast-global-color-4)","background-image":"","background-repeat":"repeat","background-position":"center center","background-size":"auto","background-attachment":"scroll","background-type":"","background-media":"","overlay-type":"","overlay-color":"","overlay-opacity":"","overlay-gradient":""},"mobile":{"background-color":"var(--ast-global-color-4)","background-image":"","background-repeat":"repeat","background-position":"center center","background-size":"auto","background-attachment":"scroll","background-type":"","background-media":"","overlay-type":"","overlay-color":"","overlay-opacity":"","overlay-gradient":""}},"footnotes":""},"class_list":["post-2029","page","type-page","status-publish","hentry"],"jetpack_sharing_enabled":true,"_links":{"self":[{"href":"https:\/\/siwykon.pl\/index.php?rest_route=\/wp\/v2\/pages\/2029","targetHints":{"allow":["GET"]}}],"collection":[{"href":"https:\/\/siwykon.pl\/index.php?rest_route=\/wp\/v2\/pages"}],"about":[{"href":"https:\/\/siwykon.pl\/index.php?rest_route=\/wp\/v2\/types\/page"}],"author":[{"embeddable":true,"href":"https:\/\/siwykon.pl\/index.php?rest_route=\/wp\/v2\/users\/1"}],"replies":[{"embeddable":true,"href":"https:\/\/siwykon.pl\/index.php?rest_route=%2Fwp%2Fv2%2Fcomments&post=2029"}],"version-history":[{"count":16,"href":"https:\/\/siwykon.pl\/index.php?rest_route=\/wp\/v2\/pages\/2029\/revisions"}],"predecessor-version":[{"id":2766,"href":"https:\/\/siwykon.pl\/index.php?rest_route=\/wp\/v2\/pages\/2029\/revisions\/2766"}],"wp:attachment":[{"href":"https:\/\/siwykon.pl\/index.php?rest_route=%2Fwp%2Fv2%2Fmedia&parent=2029"}],"curies":[{"name":"wp","href":"https:\/\/api.w.org\/{rel}","templated":true}]}}