{"id":1284,"date":"2022-01-13T19:42:37","date_gmt":"2022-01-13T18:42:37","guid":{"rendered":"https:\/\/siwykon.wordpress.com\/?page_id=1284"},"modified":"2022-01-13T19:42:37","modified_gmt":"2022-01-13T18:42:37","slug":"polityka-prywatnosci-2","status":"publish","type":"page","link":"https:\/\/siwykon.pl\/?page_id=1284","title":{"rendered":"Polityka Prywatno\u015bci"},"content":{"rendered":"\n<p class=\"has-text-align-justify\">Posiadanie konta na portalu WordPress wi\u0105\u017ce si\u0119 z akceptacj\u0105 <a href=\"https:\/\/pl.wordpress.org\/about\/privacy\/\">Polityki Prywatno\u015bci portalu WordPress<\/a>. Portal siwykon.wordpress.com zbiera wy\u0142\u0105cznie pliki cookies, adresy mailowe podawane przez U\u017cytkownik\u00f3w podczas dodawania komentarzy i inne dane nie-osobowe opisane ni\u017cej.<\/p>\n\n\n\n<p class=\"has-text-align-justify\">Strona siwykon.wordpress.com nie&nbsp;przetwarza, nie&nbsp;udost\u0119pnia ani nie&nbsp;wykorzystuje w&nbsp;celach marketingowych danych przekazywanych przez&nbsp;U\u017cytkownik\u00f3w portalu. W&nbsp;przysz\u0142o\u015bci tak\u017ce nie&nbsp;b\u0119dzie przetwarza\u0107, udost\u0119pnia\u0107 ani wykorzystywa\u0107 waszych danych w&nbsp;jakichkolwiek innych celach, ni\u017c zwyk\u0142e zbieranie statystyk.<\/p>\n\n\n\n<h4 class=\"wp-block-heading\" id=\"komentarze\">Komentarze<\/h4>\n\n\n\n<p class=\"has-text-align-justify\">Strona https:\/\/siwykon.wordpress.com nie&nbsp;ponosi odpowiedzialno\u015bci za&nbsp;tre\u015bci i&nbsp;opinie wyra\u017cane przez&nbsp;U\u017cytkownik\u00f3w w&nbsp;komentarzach. S\u0105 one wy\u0142\u0105cznie w\u0142asno\u015bci\u0105 U\u017cytkownik\u00f3w, od&nbsp;kt\u00f3rych&nbsp;pochodz\u0105.<\/p>\n\n\n\n<p class=\"has-text-align-justify\">Aby m\u00f3c doda\u0107 komentarz na moim blogu wymagane jest podanie imienia i adresu email. Podanie danych jest dobrowolne, lecz niezb\u0119dne, aby m\u00f3c doda\u0107 komentarz na blogu. Dodatkowo w systemie automatycznie zapisuje si\u0119 adres IP. Wszystkie dane zapisane s\u0105 w bazie WordPress i trzymane do momentu usuni\u0119cia komentarza lub zamkni\u0119cia bloga. <\/p>\n\n\n\n<h4 class=\"wp-block-heading\" id=\"adresy-e-mail\">Adresy E-mail<\/h4>\n\n\n\n<p class=\"has-text-align-justify\">Adresy E-mail podawane przez&nbsp;U\u017cytkownik\u00f3w przy dodawaniu komentarzy nie&nbsp;s\u0105 i&nbsp;nie&nbsp;b\u0119d\u0105 nigdzie publikowane, przetwarzane, sprzedawane, udost\u0119pniane za&nbsp;op\u0142at\u0105.<\/p>\n\n\n\n<p class=\"has-text-align-justify\">Gdy u\u017cytkownik podaje adres e-mail celem przypomnienia has\u0142a do swojego konta na witrynie WordPress lub za\u0142o\u017cenia konta na witrynie WordPress &#8211; administratorem danych jest WordPress.<\/p>\n\n\n\n<h4 class=\"wp-block-heading\" id=\"materialy-osadzone-z-innych-serwisow\">Materia\u0142y osadzone z innych serwis\u00f3w<\/h4>\n\n\n\n<p class=\"has-text-align-justify\">W niekt\u00f3rych miejscach na stronie lub blogu mo\u017cna spotka\u0107 materia\u0142y osadzone z zewn\u0119trznych serwis\u00f3w np. filmy z Youtube, Instagrama, Facebooka czy wtyczki zwi\u0105zane z social mediami.<\/p>\n\n\n\n<p class=\"has-text-align-justify\">Je\u015bli U\u017cytkownik posiada konto w innych serwisach (np. Instagram, Facebook, Google+,&nbsp;YouTube) i jest na nich zalogowany podczas przegl\u0105dania tej strony to zewn\u0119trzne serwisy mog\u0105 r\u00f3wnie\u017c korzysta\u0107 z plik\u00f3w cookies i zbiera\u0107 informacje o dzia\u0142aniach U\u017cytkownika na tej stronie.<\/p>\n\n\n\n<h4 class=\"wp-block-heading\" id=\"gromadzenie-danych-nie-osobowych\">Gromadzenie danych nie-osobowych<\/h4>\n\n\n\n<p class=\"has-text-align-justify\">Podczas u\u017cytkowania portalu siwykon.wordpress.com, zbierane s\u0105 dane nie-osobowe kt\u00f3re przegl\u0105darki udost\u0119pniaj\u0105, czyli:<\/p>\n\n\n\n<ul class=\"wp-block-list\"><li>nazwa i&nbsp;wersja przegl\u0105darki internetowej<\/li><li>ustawienia j\u0119zyka<\/li><li>strona odsy\u0142aj\u0105ca<\/li><li>data i&nbsp;godzina wys\u0142ania \u017c\u0105dania do&nbsp;serwera<\/li><li>IP z&nbsp;kt\u00f3rego&nbsp;zosta\u0142o wys\u0142ane \u017c\u0105danie<\/li><\/ul>\n\n\n\n<p class=\"has-text-align-justify\">Adresy IP zbierane przez&nbsp;portal nie&nbsp;maj\u0105 na&nbsp;celu identyfikacji naszych U\u017cytkownik\u00f3w, ani nie&nbsp;s\u0105 nigdzie ujawniane. Jednak\u017ce przy dodawania komentarzy niezgodnych z&nbsp;netykiet\u0105 czy regulaminem serwisu Wordppress przewidujemy mo\u017cliwo\u015b\u0107 zablokowania u\u017cytkowania portalu z&nbsp;danego adresu IP.<\/p>\n\n\n\n<h4 class=\"wp-block-heading\" id=\"pliki-cookies-ciasteczka\">Pliki Cookies (ciasteczka)<\/h4>\n\n\n\n<p class=\"has-text-align-justify\">Na stronie wykorzystywane s\u0105 pliki cookies. S\u0105 to pliki zapisywane przez serwer na urz\u0105dzeniach U\u017cytkownik\u00f3w u\u0142atwiaj\u0105ce wy\u015bwietlanie strony, u\u017cywane do sprawdzenia w jaki spos\u00f3b u\u017cytkownik korzysta ze strony. Pliki Cookies nie&nbsp;s\u0105 one niebezpieczne dla U\u017cytkownika ani jego komputera, nie&nbsp;s\u0105 w&nbsp;nich przechowywane \u017cadne dane osobowe, ich g\u0142\u00f3wnym zadaniem jest przetrzymywanie informacji, do&nbsp;kt\u00f3rych&nbsp;potem strona mo\u017ce si\u0119 odnie\u015b\u0107. Na&nbsp;naszym portalu ciasteczka maj\u0105 nast\u0119puj\u0105ce funkcje:<\/p>\n\n\n\n<ul class=\"wp-block-list\"><li>przechowywania informacji\/preferencji U\u017cytkownika dodaj\u0105cego komentarz \u2013 w&nbsp;momencie dodania komentarza na&nbsp;komputerze U\u017cytkownika jest zapisywany plik cookie, kt\u00f3ry&nbsp;przez&nbsp;niespe\u0142na rok przechowuje dane z&nbsp;nickiem, adresem email i&nbsp;stron\u0105 internetow\u0105 U\u017cytkownika \u2013 dzi\u0119ki czemu nie&nbsp;trzeba tych danych wpisywa\u0107 za&nbsp;ka\u017cdym razem gdy&nbsp;chce si\u0119 doda\u0107 nast\u0119pny komentarz.<\/li><li>przechowywania informacji o&nbsp;U\u017cytkownikach zarejestrowanych\/zalogowanych na&nbsp;portalu WordPress &#8211; przegl\u0105darka mo\u017ce zapisa\u0107 plik cookie zawieraj\u0105cy login U\u017cytkownika, podw\u00f3jnie shashowane has\u0142o, oraz&nbsp;klucz autoryzacji, dzi\u0119ki czemu przy nast\u0119pnej wizycie, U\u017cytkownik nie&nbsp;b\u0119dzie musia\u0142 ponownie wpisywa\u0107 loginu oraz&nbsp;has\u0142a, albo&nbsp;nawet je\u015bli sesja jeszcze nie&nbsp;wygas\u0142a, to&nbsp;nie&nbsp;b\u0119dzie musia\u0142 si\u0119 ponownie logowa\u0107 \u2013 tylko&nbsp;od&nbsp;razu b\u0119dzie zalogowany na&nbsp;portalu lub forum.<\/li><\/ul>\n\n\n\n<p class=\"has-text-align-justify\">Dost\u0119p do informacji w nich zawartych jest wykorzystywany przez WordPress. W ka\u017cdej chwili u\u017cytkownik mo\u017ce usun\u0105\u0107 pliki ciasteczek ze swojego urz\u0105dzenia lub skonfigurowa\u0107 swoj\u0105 przegl\u0105dark\u0119, aby nie zapisywa\u0142a \u017cadnych plik\u00f3w.<\/p>\n\n\n\n<p class=\"has-text-align-justify\">Pliki cookies w&nbsp;nie&nbsp;umo\u017cliwiaj\u0105 identyfikacji U\u017cytkownik\u00f3w odwiedzaj\u0105cej witryn\u0119, i&nbsp;nie&nbsp;s\u0105 w&nbsp;nich zapisywane \u017cadne informacje, kt\u00f3re mog\u0142y by&nbsp;tak\u0105 identyfikacj\u0119 umo\u017cliwi\u0107. Zgodnie z&nbsp;art. 173 Ustawy z&nbsp;dnia 16 lipca 2004 roku Prawo telekomunikacyjne (Dz.&nbsp;U. Nr&nbsp;171, poz. 1800) zapisywanie plik\u00f3w tekstowych na&nbsp;dysku komputera U\u017cytkownika witryny jest dozwolone o&nbsp;ile U\u017cytkownik zostanie o&nbsp;tym poinformowany. Warunkiem dzia\u0142ania plik\u00f3w cookies jest ich akceptacja przez&nbsp;przegl\u0105dark\u0119 oraz&nbsp;nieusuwanie ich z&nbsp;dysku komputera. Je\u017celi U\u017cytkownik nie&nbsp;chce udost\u0119pni\u0107 plik\u00f3w cookies, powinien tak\u0105 opcj\u0119 wy\u0142\u0105czy\u0107 w&nbsp;przegl\u0105darce nim odwiedzi nasz portal. Nieudost\u0119pnienie plik\u00f3w cookies przez&nbsp;przegl\u0105dark\u0119, albo&nbsp;ich skasowanie, mo\u017cne powodowa\u0107 znaczne utrudnienia lub mo\u017ce nawet ca\u0142kowicie uniemo\u017cliwia\u0107 korzystanie z&nbsp;portalu \u2013 za&nbsp;co nie&nbsp;ponosimy odpowiedzialno\u015bci. Dlatego zalecane jest mie\u0107 w\u0142\u0105czon\u0105 obs\u0142ug\u0119 plik\u00f3w cookies.<\/p>\n\n\n\n<h4 class=\"wp-block-heading\" id=\"adresy-e-mail\">Inne serwisy<\/h4>\n\n\n\n<p class=\"has-text-align-justify\">Ta polityka prywatno\u015bci obejmuje tylko stron\u0119 siwykon.wordpress.com. Po opuszczeniu strony, na przyk\u0142ad poprzez klikni\u0119cie linka prowadz\u0105cego do innego serwisu, obowi\u0105zuje polityka prywatno\u015bci serwisu na kt\u00f3rym u\u017cytkownik si\u0119 znalaz\u0142.<\/p>\n\n\n\n<h4 class=\"wp-block-heading\" id=\"prawa-autorskie\">Prawa autorskie<\/h4>\n\n\n\n<p class=\"has-text-align-justify\">Wszystkie tre\u015bci zawarte na&nbsp;stronach portalu siwykon.wordpress.com s\u0105 przedmiotem praw autorskich Administratora Strony i podlegaj\u0105 ochronie zgodnie z&nbsp;prawem autorskim. Zabrania si\u0119 kopiowania i&nbsp;udost\u0119pniania materia\u0142\u00f3w z&nbsp;portalu bez&nbsp;zgody.<\/p>\n\n\n\n<p class=\"has-text-align-justify\">Wszelkie materia\u0142y zawarte w&nbsp;serwisie portalu siwykon.wordpress.com s\u0105 bezp\u0142atne. Portal siwykon.wordpress.com informuje o mo\u017cliwo\u015bci edycji i&nbsp;usuwania wpis\u00f3w lub komentarzy oraz&nbsp;blokowania u\u017cytkownik\u00f3w, kt\u00f3rzy&nbsp;naruszaj\u0105 zasady netykiety i&nbsp;powszechnie przyj\u0119te normy kulturalnego zachowania.<\/p>\n","protected":false},"excerpt":{"rendered":"<p>Posiadanie konta na portalu WordPress wi\u0105\u017ce si\u0119 z akceptacj\u0105 Polityki Prywatno\u015bci portalu WordPress. Portal siwykon.wordpress.com zbiera wy\u0142\u0105cznie pliki cookies, adresy [&hellip;]<\/p>\n","protected":false},"author":1,"featured_media":0,"parent":0,"menu_order":0,"comment_status":"closed","ping_status":"closed","template":"","meta":{"site-sidebar-layout":"default","site-content-layout":"","ast-site-content-layout":"default","site-content-style":"default","site-sidebar-style":"default","ast-global-header-display":"","ast-banner-title-visibility":"","ast-main-header-display":"","ast-hfb-above-header-display":"","ast-hfb-below-header-display":"","ast-hfb-mobile-header-display":"","site-post-title":"","ast-breadcrumbs-content":"","ast-featured-img":"","footer-sml-layout":"","theme-transparent-header-meta":"","adv-header-id-meta":"","stick-header-meta":"","header-above-stick-meta":"","header-main-stick-meta":"","header-below-stick-meta":"","astra-migrate-meta-layouts":"default","ast-page-background-enabled":"default","ast-page-background-meta":{"desktop":{"background-color":"var(--ast-global-color-5)","background-image":"","background-repeat":"repeat","background-position":"center center","background-size":"auto","background-attachment":"scroll","background-type":"","background-media":"","overlay-type":"","overlay-color":"","overlay-opacity":"","overlay-gradient":""},"tablet":{"background-color":"","background-image":"","background-repeat":"repeat","background-position":"center center","background-size":"auto","background-attachment":"scroll","background-type":"","background-media":"","overlay-type":"","overlay-color":"","overlay-opacity":"","overlay-gradient":""},"mobile":{"background-color":"","background-image":"","background-repeat":"repeat","background-position":"center center","background-size":"auto","background-attachment":"scroll","background-type":"","background-media":"","overlay-type":"","overlay-color":"","overlay-opacity":"","overlay-gradient":""}},"ast-content-background-meta":{"desktop":{"background-color":"var(--ast-global-color-4)","background-image":"","background-repeat":"repeat","background-position":"center center","background-size":"auto","background-attachment":"scroll","background-type":"","background-media":"","overlay-type":"","overlay-color":"","overlay-opacity":"","overlay-gradient":""},"tablet":{"background-color":"var(--ast-global-color-4)","background-image":"","background-repeat":"repeat","background-position":"center center","background-size":"auto","background-attachment":"scroll","background-type":"","background-media":"","overlay-type":"","overlay-color":"","overlay-opacity":"","overlay-gradient":""},"mobile":{"background-color":"var(--ast-global-color-4)","background-image":"","background-repeat":"repeat","background-position":"center center","background-size":"auto","background-attachment":"scroll","background-type":"","background-media":"","overlay-type":"","overlay-color":"","overlay-opacity":"","overlay-gradient":""}},"footnotes":""},"class_list":["post-1284","page","type-page","status-publish","hentry"],"jetpack_sharing_enabled":true,"_links":{"self":[{"href":"https:\/\/siwykon.pl\/index.php?rest_route=\/wp\/v2\/pages\/1284","targetHints":{"allow":["GET"]}}],"collection":[{"href":"https:\/\/siwykon.pl\/index.php?rest_route=\/wp\/v2\/pages"}],"about":[{"href":"https:\/\/siwykon.pl\/index.php?rest_route=\/wp\/v2\/types\/page"}],"author":[{"embeddable":true,"href":"https:\/\/siwykon.pl\/index.php?rest_route=\/wp\/v2\/users\/1"}],"replies":[{"embeddable":true,"href":"https:\/\/siwykon.pl\/index.php?rest_route=%2Fwp%2Fv2%2Fcomments&post=1284"}],"version-history":[{"count":0,"href":"https:\/\/siwykon.pl\/index.php?rest_route=\/wp\/v2\/pages\/1284\/revisions"}],"wp:attachment":[{"href":"https:\/\/siwykon.pl\/index.php?rest_route=%2Fwp%2Fv2%2Fmedia&parent=1284"}],"curies":[{"name":"wp","href":"https:\/\/api.w.org\/{rel}","templated":true}]}}